{"id":235,"date":"2013-10-07T10:22:24","date_gmt":"2013-10-07T08:22:24","guid":{"rendered":"http:\/\/damienlagrange.fr\/home\/?page_id=235"},"modified":"2025-01-13T14:03:34","modified_gmt":"2025-01-13T13:03:34","slug":"liens-2","status":"publish","type":"page","link":"http:\/\/damienlagrange.fr\/home\/index.php\/liens-2\/","title":{"rendered":"LIENS \/ TELECHARGEMENTS"},"content":{"rendered":"\n<h3 class=\"wp-block-heading\">BOOK DLA<\/h3>\n\n\n\n<h3 class=\"wp-block-heading\"><a href=\"https:\/\/www.google.com\/maps\/d\/u\/0\/edit?mid=1V9-FBkj59fCSxFPE5fmjxBZ4P8eNTHs&amp;usp=sharing\">GEOLOCALISATION DE&nbsp;MES PROJETS<\/a><\/h3>\n\n\n\n<h3 class=\"wp-block-heading\">INSTITUTIONNELS<\/h3>\n\n\n\n<p><a href=\"http:\/\/www.architectes.org\/accueils\/cnoa\">ordre des architectes&nbsp;<\/a><br><a href=\"http:\/\/www.rt-batiment.fr\/\">r\u00e9glementations thermiques<\/a><\/p>\n\n\n\n<h3 class=\"wp-block-heading\">PARTENAIRES<\/h3>\n\n\n\n<p><a href=\"http:\/\/www.couleur-rouge.fr\/\">Couleur Rouge<\/a><br><a href=\"https:\/\/www.opusiome.fr\/\">Opusi\u00f4me<\/a><br><a href=\"https:\/\/www.jeanbastienlagrange.com\/\">Jean-Bastien Lagrange &#8211; architecte d&rsquo;int\u00e9rieur<\/a><br><a href=\"https:\/\/www.crp-geometre-expert-69.fr\/\">RATELADE ET PETITHOMME GEOMETRE EXPERT<\/a><br><a href=\"https:\/\/www.reseau-affaires-dombes.fr\/\">RESEAU D&rsquo;AFFAIRES DE LA DOMBES<\/a><\/p>\n\n\n\n<p><a href=\"https:\/\/gabrielthomas.fr\/\" data-type=\"URL\" data-id=\"https:\/\/gabrielthomas.fr\/\">Gabriel Thomas Architecte<\/a><\/p>\n\n\n\n<p>Claire Gardet <a href=\"https:\/\/www.cgardet.fr\/\" data-type=\"URL\" data-id=\"https:\/\/www.cgardet.fr\/\">https:\/\/www.cgardet.fr\/<\/a><\/p>\n\n\n\n<h3 class=\"wp-block-heading\">PRATIQUE<\/h3>\n\n\n\n<p><a href=\"http:\/\/www.sketchup.com\/fr\">sketchup<\/a><br><a href=\"http:\/\/www.3ds.com\/fr\/produits-et-services\/draftsight\/\">draftsight<\/a><br><a href=\"https:\/\/www.openoffice.org\/fr\/\">openoffice<\/a><br><a title=\"logiciels libres\" href=\"http:\/\/enacit.epfl.ch\/logiciel-libre\/\" target=\"_blank\" rel=\"noopener noreferrer\">logiciels libres ( lien EPFL)<\/a><\/p>\n","protected":false},"excerpt":{"rendered":"<p>BOOK DLA GEOLOCALISATION DE&nbsp;MES PROJETS INSTITUTIONNELS ordre des architectes&nbsp;r\u00e9glementations thermiques PARTENAIRES Couleur RougeOpusi\u00f4meJean-Bastien Lagrange &#8211; architecte d&rsquo;int\u00e9rieurRATELADE ET PETITHOMME GEOMETRE EXPERTRESEAU D&rsquo;AFFAIRES DE LA DOMBES Gabriel Thomas Architecte Claire Gardet https:\/\/www.cgardet.fr\/ PRATIQUE sketchupdraftsightopenofficelogiciels libres ( lien EPFL)<\/p>\n","protected":false},"author":1,"featured_media":0,"parent":0,"menu_order":0,"comment_status":"closed","ping_status":"closed","template":"","meta":[],"_links":{"self":[{"href":"http:\/\/damienlagrange.fr\/home\/index.php\/wp-json\/wp\/v2\/pages\/235"}],"collection":[{"href":"http:\/\/damienlagrange.fr\/home\/index.php\/wp-json\/wp\/v2\/pages"}],"about":[{"href":"http:\/\/damienlagrange.fr\/home\/index.php\/wp-json\/wp\/v2\/types\/page"}],"author":[{"embeddable":true,"href":"http:\/\/damienlagrange.fr\/home\/index.php\/wp-json\/wp\/v2\/users\/1"}],"replies":[{"embeddable":true,"href":"http:\/\/damienlagrange.fr\/home\/index.php\/wp-json\/wp\/v2\/comments?post=235"}],"version-history":[{"count":32,"href":"http:\/\/damienlagrange.fr\/home\/index.php\/wp-json\/wp\/v2\/pages\/235\/revisions"}],"predecessor-version":[{"id":2216,"href":"http:\/\/damienlagrange.fr\/home\/index.php\/wp-json\/wp\/v2\/pages\/235\/revisions\/2216"}],"wp:attachment":[{"href":"http:\/\/damienlagrange.fr\/home\/index.php\/wp-json\/wp\/v2\/media?parent=235"}],"curies":[{"name":"wp","href":"https:\/\/api.w.org\/{rel}","templated":true}]}}